{"id":353,"date":"2023-10-07T01:12:32","date_gmt":"2023-10-07T01:12:32","guid":{"rendered":"https:\/\/www.satiahara.shop\/product\/colgantes-puntas-de-flecha-de-obsidiana\/"},"modified":"2026-04-24T09:44:10","modified_gmt":"2026-04-24T09:44:10","slug":"colgante-punta-de-flecha-de-obsidiana","status":"publish","type":"product","link":"https:\/\/www.satiahara.shop\/en\/product\/colgante-punta-de-flecha-de-obsidiana\/","title":{"rendered":"Obsidian arrowhead pendant"},"content":{"rendered":"<p>Pieza de Punta de Flecha de Obsidiana finamente tallada, atado y tejido con cord\u00f3n de gamuza, todo hecho a mano. Flecha de 6 cm de largo. Cordon de gamuza ajustable.<\/p>","protected":false},"excerpt":{"rendered":"<p>Pieza de Punta de Flecha de Obsidiana finamente tallada, atado y tejido con cord\u00f3n de gamuza, todo hecho a mano.<\/p>\n<p>Las flechas son sin\u00f3nimo de direcci\u00f3n as\u00ed como de orientaci\u00f3n. Como s\u00edmbolo, representa tambi\u00e9n el pensamiento y el conocimiento bien ejecutado. En la cultura nativa americana, la flecha que apunta hacia abajo representa la Paz.<\/p>","protected":false},"featured_media":1097,"comment_status":"open","ping_status":"closed","template":"","meta":[],"product_brand":[],"product_cat":[22],"product_tag":[106,107,59,108],"class_list":{"0":"post-353","1":"product","2":"type-product","3":"status-publish","4":"has-post-thumbnail","6":"product_cat-amuletos-de-proteccion","7":"product_tag-colgante","8":"product_tag-joyeria","9":"product_tag-obsidiana","10":"product_tag-punta-flecha","12":"first","13":"instock","14":"shipping-taxable","15":"purchasable","16":"product-type-simple"},"_links":{"self":[{"href":"https:\/\/www.satiahara.shop\/en\/wp-json\/wp\/v2\/product\/353","targetHints":{"allow":["GET"]}}],"collection":[{"href":"https:\/\/www.satiahara.shop\/en\/wp-json\/wp\/v2\/product"}],"about":[{"href":"https:\/\/www.satiahara.shop\/en\/wp-json\/wp\/v2\/types\/product"}],"replies":[{"embeddable":true,"href":"https:\/\/www.satiahara.shop\/en\/wp-json\/wp\/v2\/comments?post=353"}],"version-history":[{"count":0,"href":"https:\/\/www.satiahara.shop\/en\/wp-json\/wp\/v2\/product\/353\/revisions"}],"wp:featuredmedia":[{"embeddable":true,"href":"https:\/\/www.satiahara.shop\/en\/wp-json\/wp\/v2\/media\/1097"}],"wp:attachment":[{"href":"https:\/\/www.satiahara.shop\/en\/wp-json\/wp\/v2\/media?parent=353"}],"wp:term":[{"taxonomy":"product_brand","embeddable":true,"href":"https:\/\/www.satiahara.shop\/en\/wp-json\/wp\/v2\/product_brand?post=353"},{"taxonomy":"product_cat","embeddable":true,"href":"https:\/\/www.satiahara.shop\/en\/wp-json\/wp\/v2\/product_cat?post=353"},{"taxonomy":"product_tag","embeddable":true,"href":"https:\/\/www.satiahara.shop\/en\/wp-json\/wp\/v2\/product_tag?post=353"}],"curies":[{"name":"wp","href":"https:\/\/api.w.org\/{rel}","templated":true}]}}