{"id":371,"date":"2023-10-07T01:13:10","date_gmt":"2023-10-07T01:13:10","guid":{"rendered":"https:\/\/www.satiahara.shop\/product\/kit-huevo-yoni-disco-y-ombliguera-de-obsidiana\/"},"modified":"2025-08-11T15:24:30","modified_gmt":"2025-08-11T15:24:30","slug":"kit-huevo-yoni-disco-y-ombliguera-de-obsidiana","status":"publish","type":"product","link":"https:\/\/www.satiahara.shop\/en\/product\/kit-huevo-yoni-disco-y-ombliguera-de-obsidiana\/","title":{"rendered":"KIT Yoni egg, disc mirror and obsidian navel"},"content":{"rendered":"<p>Protection and energetic cleansing. KIT Obsidian yoni egg, disc mirror and Obsidian Navel<\/p>\n<div id=\"featurebullets_feature_div\" class=\"celwidget\" data-feature-name=\"featurebullets\" data-csa-c-type=\"widget\" data-csa-c-content-id=\"featurebullets\" data-csa-c-slot-id=\"featurebullets_feature_div\" data-csa-c-asin=\"B08X2ZDXKN\" data-csa-c-is-in-initial-active-row=\"false\" data-csa-c-id=\"x35i2c-1f6ujb-d3o258-fplwjq\" data-cel-widget=\"featurebullets_feature_div\">\n<div id=\"feature-bullets\" class=\"a-section a-spacing-medium a-spacing-top-small\">\n<p><span class=\"a-list-item\">The set contains: 1 Obsidian yoni egg measuring 3 x 4 cm, undrilled. 1 obsidian disc 5 cm in diameter 1 navel 1.2 cm in diameter Handmade red bags, user manual and certificate of authenticity. <\/span><\/p>\n<p><span class=\"a-list-item\">Handmade in Mexico <\/span><\/p>\n<\/div>\n<\/div>\n<div id=\"tellAmazon_feature_div\" class=\"celwidget\" data-feature-name=\"tellAmazon\" data-csa-c-type=\"widget\" data-csa-c-content-id=\"tellAmazon\" data-csa-c-slot-id=\"tellAmazon_feature_div\" data-csa-c-asin=\"B08X2ZDXKN\" data-csa-c-is-in-initial-active-row=\"false\" data-csa-c-id=\"9r300v-bsaik-4ryyn4-c4xktr\" data-cel-widget=\"tellAmazon_feature_div\"><\/div>\n<p>&nbsp;<\/p>","protected":false},"excerpt":{"rendered":"<p class=\"a-spacing-mini\">La perfecta combinaci\u00f3n para la limpieza y protecci\u00f3n energetica de la mujer. Kit Huevo yoni, disco y ombliguera de obsidiana.<\/p>\n<p class=\"a-spacing-base\">La obsidiana es la piedra de la verdad. Al estar en contacto con ella se trabaja la sombra a profundidad, esos aspectos de la personalidad que elegimos rechazar y reprimir. El trabajo con ella es a nivel psiquico, f\u00edsico, emocional y espiritual. Adem\u00e1s, la Obsidiana es una piedra que nos ayuda a limpiar, absorber y proteger nuestro campo \u00e1urico de energ\u00edas negativas densas que est\u00e9n a nuestro alrededor a la vez que emana una sutil energ\u00eda protectora. Trabajar con estas tres geometr\u00edas completa el trabajo energ\u00e9tico de limpieza.<\/p>\n<div id=\"featurebullets_feature_div\" class=\"celwidget\" data-feature-name=\"featurebullets\" data-csa-c-type=\"widget\" data-csa-c-content-id=\"featurebullets\" data-csa-c-slot-id=\"featurebullets_feature_div\" data-csa-c-asin=\"B08X2ZDXKN\" data-csa-c-is-in-initial-active-row=\"false\" data-csa-c-id=\"x35i2c-1f6ujb-d3o258-fplwjq\" data-cel-widget=\"featurebullets_feature_div\">\n<div id=\"feature-bullets\" class=\"a-section a-spacing-medium a-spacing-top-small\">\n<p><span class=\"a-list-item\">With the egg you are cleansing your uterus of dense energies crystallized in the form of illness or through repressed emotions. <\/span><\/p>\n<p><span class=\"a-list-item\">With the disc you will be reducing belly inflammation and eliminating pain on the days of your moon or any other place in your body that has pain and inflammation. <\/span><\/p>\n<p><span class=\"a-list-item\">With the navel you will be protecting yourself from the negative energy that is around you, whether in therapy (if you are a therapist), in spaces with many people, or from the negative energy that is generated in your own mind. <\/span><\/p>\n<\/div>\n<\/div>","protected":false},"featured_media":794,"comment_status":"open","ping_status":"closed","template":"","meta":[],"product_brand":[],"product_cat":[26],"product_tag":[66,64,54,65],"class_list":{"0":"post-371","1":"product","2":"type-product","3":"status-publish","4":"has-post-thumbnail","6":"product_cat-kits","7":"product_tag-disco-obsidiana","8":"product_tag-huevo-yoni-obsidiana","9":"product_tag-kit","10":"product_tag-ombliguera-obsidiana","12":"first","13":"instock","14":"shipping-taxable","15":"purchasable","16":"product-type-simple"},"_links":{"self":[{"href":"https:\/\/www.satiahara.shop\/en\/wp-json\/wp\/v2\/product\/371","targetHints":{"allow":["GET"]}}],"collection":[{"href":"https:\/\/www.satiahara.shop\/en\/wp-json\/wp\/v2\/product"}],"about":[{"href":"https:\/\/www.satiahara.shop\/en\/wp-json\/wp\/v2\/types\/product"}],"replies":[{"embeddable":true,"href":"https:\/\/www.satiahara.shop\/en\/wp-json\/wp\/v2\/comments?post=371"}],"version-history":[{"count":0,"href":"https:\/\/www.satiahara.shop\/en\/wp-json\/wp\/v2\/product\/371\/revisions"}],"wp:featuredmedia":[{"embeddable":true,"href":"https:\/\/www.satiahara.shop\/en\/wp-json\/wp\/v2\/media\/794"}],"wp:attachment":[{"href":"https:\/\/www.satiahara.shop\/en\/wp-json\/wp\/v2\/media?parent=371"}],"wp:term":[{"taxonomy":"product_brand","embeddable":true,"href":"https:\/\/www.satiahara.shop\/en\/wp-json\/wp\/v2\/product_brand?post=371"},{"taxonomy":"product_cat","embeddable":true,"href":"https:\/\/www.satiahara.shop\/en\/wp-json\/wp\/v2\/product_cat?post=371"},{"taxonomy":"product_tag","embeddable":true,"href":"https:\/\/www.satiahara.shop\/en\/wp-json\/wp\/v2\/product_tag?post=371"}],"curies":[{"name":"wp","href":"https:\/\/api.w.org\/{rel}","templated":true}]}}